{"id":1932,"date":"2020-02-21T17:52:37","date_gmt":"2020-02-21T16:52:37","guid":{"rendered":"https:\/\/www.otformations.com\/aromatherapie-partie-1\/"},"modified":"2022-01-14T15:56:56","modified_gmt":"2022-01-14T14:56:56","slug":"aromatherapie-partie-1","status":"publish","type":"page","link":"https:\/\/www.otformations.com\/en\/training-courses\/aromatherapie-partie-1\/","title":{"rendered":"Aromatherapy available from pharmacies, Part 1"},"content":{"rendered":"<div>\n<p>    <img decoding=\"async\" src=\"\/wp-content\/uploads\/2020\/02\/MODULE-officine-1re-partie.jpg\" alt=\" Aromath\u00e9rapie appliqu\u00e9e \u00e0 l\u2019officine 1\u00e8re partie\"><\/p>\n<\/div>\n<p><img decoding=\"async\" src=\"\/wp-content\/uploads\/2020\/01\/FondCourbe2560-1.png\" alt=\"\"><\/p>\n<h1>Aromatherapy available from pharmacies<\/h1>\n<h2>Part 1: two-day course<\/h2>\n<p><img decoding=\"async\" src=\"\/wp-content\/uploads\/2021\/10\/TamponPro-Only-1.png\" alt=\"\"><\/p>\n<div>\n<p>This is our most in-demand course, our most popular for the past 10 years!<\/p>\n<p>This introductory course is aimed at novices to aromatherapy, and enables trainees to give actionable advice about EOs as soon as they return to the pharmacy.<\/p>\n<p><strong>It covers all the skills needed to start giving advice:<\/strong><\/p>\n<ul>\n<li>22 essential oils, their composition, properties, primary uses, side effects, contraindications, recommended minimum age, and duration of use<\/li>\n<li>Related practical case studies<\/li>\n<li>Biochemical families: properties &amp; key molecules = essential oil pharmacology<br \/>General information about essential oils, hydrolats, essences, vegetable oils<\/li>\n<li>Essential oil quality: recommendations from the French Agency for the Safety of Health Products, pharmaceutical quality<\/li>\n<li>Essential oil legislation: EOs reserved for pharmacy use, prescription-only EOs<\/li>\n<li>Safety information about EOs: side effects, contraindications, drug interactions, recommended minimum age, EOs presenting a risk<\/li>\n<li>The 4 fundamental rules of safety<\/li>\n<\/ul>\n<\/div>\n<p>\n    <a href=\"\/en\/pre-register\/\">REGISTER NOW<\/a>\n<\/p>\n<h3>About us<\/h3>\n<div>\n<p><strong>Essential oil training for pharmacists, pharmacy technicians, and all healthcare professionals.<\/strong><\/p>\n<\/div>\n<h2>Contact us<\/h2>\n<ul>\n<li>\n<div>\n<p>Registered office: 23 ter Chemin des Ananas<br \/>97425 Les Avirons &#8211; Reunion Island<br \/>Digital unit: 15 Route de Manom<br \/>57100 Thionville<\/p>\n<\/div>\n<\/li>\n<li>\n<div>\n<p>Phone: +33 (0)659 672 713<br \/>Fax: +33 (0)170 445 102<\/p>\n<\/div>\n<\/li>\n<li>\n<div>\n<p>otformations@outlook.fr<\/p>\n<\/div>\n<\/li>\n<\/ul>\n<h3>Follow us online<\/h3>\n<ul>\n<li><a href=\"https:\/\/www.facebook.com\/Pesoni\">facebook<\/a>\n<\/li>\n<li><a href=\"https:\/\/www.instagram.com\/otformations\/\">instagram<\/a>\n<\/li>\n<\/ul>\n<ul>\n<li>\n        <a href=\"\">\u00a9 Ot Formations 2022<\/a>\n    <\/li>\n<li>\n        <a href=\"\/en\/legal-notice\/\">Legal notice<\/a>\n    <\/li>\n<li>\n        <a href=\"\/en\/general-terms-and-conditions-for-ot-formations-and-editions-terres-dessences\/\">General terms and conditions of sale<\/a>\n    <\/li>\n<\/ul>\n<p><!--more--><br \/>\n<!-- {\"type\":\"layout\",\"children\":[{\"type\":\"section\",\"props\":{\"style\":\"default\",\"width\":\"\",\"vertical_align\":\"middle\",\"title_position\":\"top-left\",\"title_rotation\":\"left\",\"title_breakpoint\":\"xl\",\"image_position\":\"center-center\",\"padding\":\"none\",\"header_transparent\":\"dark\",\"header_transparent_noplaceholder\":true,\"image\":\"\",\"overlap\":false,\"image_size\":\"cover\",\"image_effect\":\"fixed\",\"media_overlay\":\"\"},\"children\":[{\"type\":\"row\",\"props\":{\"column_gap\":\"collapse\",\"match\":false,\"margin_remove_top\":false,\"margin_remove_bottom\":false,\"status\":\"\"},\"children\":[{\"type\":\"column\",\"props\":{\"image_position\":\"center-center\",\"media_overlay_gradient\":\"\",\"padding\":\"none\",\"image\":\"wp-content\\\/uploads\\\/2019\\\/12\\\/Courbe.png\",\"image_size\":\"cover\",\"image_effect\":\"fixed\",\"media_blend_mode\":\"overlay\",\"width_medium\":\"1-1\",\"position_sticky_breakpoint\":\"m\"},\"children\":[{\"type\":\"slideshow\",\"props\":{\"show_title\":true,\"show_meta\":true,\"show_content\":true,\"show_link\":false,\"show_thumbnail\":false,\"slideshow_min_height\":\"300\",\"slideshow_autoplay_pause\":true,\"nav\":\"dotnav\",\"nav_position\":\"bottom-center\",\"nav_position_margin\":\"large\",\"nav_align\":\"center\",\"nav_breakpoint\":\"s\",\"thumbnav_width\":\"100\",\"thumbnav_height\":\"75\",\"thumbnav_svg_color\":\"emphasis\",\"slidenav\":\"\",\"slidenav_margin\":\"medium\",\"slidenav_breakpoint\":\"s\",\"slidenav_outside_breakpoint\":\"xl\",\"overlay_position\":\"center\",\"overlay_animation\":\"parallax\",\"title_element\":\"h1\",\"meta_style\":\"meta\",\"meta_align\":\"below-content\",\"link_text\":\"Read more\",\"link_style\":\"default\",\"margin\":\"default\",\"slideshow_height\":\"percent\",\"text_color\":\"light\",\"slideshow_box_shadow\":\"\",\"slideshow_box_decoration\":\"\",\"slideshow_animation\":\"fade\",\"slideshow_kenburns\":\"\",\"nav_margin\":\"\",\"nav_color\":\"\",\"slidenav_outside_color\":\"\",\"overlay_container\":\"\",\"overlay_container_padding\":\"\",\"overlay_padding\":\"large\",\"overlay_width\":\"\",\"title_style\":\"heading-medium\",\"content_style\":\"lead\",\"text_align\":\"center\",\"slideshow_autoplay\":true,\"nav_below\":false,\"title_parallax_opacity_start\":\"\",\"title_parallax_opacity_end\":\"\",\"title_parallax_x_start\":\"\",\"title_parallax_x_end\":\"\",\"title_parallax_scale_start\":\"\",\"title_parallax_scale_end\":\"\",\"overlay_parallax_y_start\":\"\",\"overlay_parallax_x_start\":\"\",\"overlay_parallax_x_end\":\"\",\"overlay_parallax_opacity_start\":\"\",\"overlay_parallax_opacity_end\":\"\",\"content_parallax_opacity_start\":\"\",\"content_parallax_opacity_end\":\"\",\"nav_vertical\":false,\"css\":\".el-content {\\nfont-size: 1.1rem;\\nfont-weight: 600;\\ncolor: #fff;\\nline-height: normal;\\n}\",\"meta_element\":\"div\"},\"children\":[{\"type\":\"slideshow_item\",\"props\":{\"image\":\"wp-content\\\/uploads\\\/2020\\\/02\\\/MODULE-officine-1re-partie.jpg\",\"title\":\"\",\"content\":\"\",\"image_alt\":\" Aromath\\u00e9rapie appliqu\\u00e9e \\u00e0 l\\u2019officine 1\\u00e8re partie\"}}]},{\"type\":\"image\",\"props\":{\"margin\":\"default\",\"image_svg_color\":\"emphasis\",\"position\":\"absolute\",\"image\":\"wp-content\\\/uploads\\\/2020\\\/01\\\/FondCourbe2560-1.png\",\"container_padding_remove\":true,\"position_bottom\":\"+20\",\"css\":\".el-image {\\nmax-width:101%\\n}\"}}]}]}],\"name\":\"Slider grand\"},{\"type\":\"section\",\"props\":{\"style\":\"default\",\"width\":\"small\",\"vertical_align\":\"middle\",\"title_position\":\"top-left\",\"title_rotation\":\"left\",\"title_breakpoint\":\"xl\",\"image_position\":\"center-center\",\"padding\":\"small\",\"padding_remove_top\":false},\"children\":[{\"type\":\"row\",\"props\":{\"margin_remove_bottom\":true},\"children\":[{\"type\":\"column\",\"props\":{\"image_position\":\"center-center\",\"media_overlay_gradient\":\"\",\"width_medium\":\"1-1\",\"position_sticky_breakpoint\":\"m\"},\"children\":[{\"type\":\"headline\",\"props\":{\"title_element\":\"h1\",\"title_color\":\"primary\",\"content\":\"Aromatherapy available from pharmacies\"}}]}]},{\"type\":\"row\",\"props\":{\"layout\":\"3-4,1-4\",\"margin\":\"remove-vertical\"},\"children\":[{\"type\":\"column\",\"props\":{\"image_position\":\"center-center\",\"media_overlay_gradient\":\"\",\"width_medium\":\"3-4\",\"position_sticky_breakpoint\":\"m\"},\"children\":[{\"type\":\"headline\",\"props\":{\"title_element\":\"h2\",\"content\":\"Part 1: two-day course\"}}]},{\"type\":\"column\",\"props\":{\"image_position\":\"center-center\",\"media_overlay_gradient\":\"\",\"width_medium\":\"1-4\",\"position_sticky_breakpoint\":\"m\"},\"children\":[{\"type\":\"image\",\"props\":{\"margin\":\"default\",\"image_svg_color\":\"emphasis\",\"image\":\"wp-content\\\/uploads\\\/2021\\\/10\\\/TamponPro-Only-1.png\"}}]}]},{\"type\":\"row\",\"props\":{\"margin\":\"remove-vertical\",\"margin_remove_top\":false},\"children\":[{\"type\":\"column\",\"props\":{\"image_position\":\"center-center\",\"media_overlay_gradient\":\"\",\"width_medium\":\"1-1\",\"position_sticky_breakpoint\":\"m\"},\"children\":[{\"type\":\"text\",\"props\":{\"margin\":\"default\",\"column_breakpoint\":\"m\",\"content\":\"\n\n<p>This is our most in-demand course, our most popular for the past 10 years!<\\\/p>\\n\n\n<p>This introductory course is aimed at novices to aromatherapy, and enables trainees to give actionable advice about EOs as soon as they return to the pharmacy.<\\\/p>\\n\n\n<p><strong>It covers all the skills needed to start giving advice:<\\\/strong><\\\/p>\\n\n\n<ul>\\n\n\n<li>22 essential oils, their composition, properties, primary uses, side effects, contraindications, recommended minimum age, and duration of use<\\\/li>\\n\n\n<li>Related practical case studies<\\\/li>\\n\n\n<li>Biochemical families: properties &amp; key molecules = essential oil pharmacology<br \\\/>General information about essential oils, hydrolats, essences, vegetable oils<\\\/li>\\n\n\n<li>Essential oil quality: recommendations from the French Agency for the Safety of Health Products, pharmaceutical quality<\\\/li>\\n\n\n<li>Essential oil legislation: EOs reserved for pharmacy use, prescription-only EOs<\\\/li>\\n\n\n<li>Safety information about EOs: side effects, contraindications, drug interactions, recommended minimum age, EOs presenting a risk<\\\/li>\\n\n\n<li>The 4 fundamental rules of safety<\\\/li>\\n<\\\/ul>\"}},{\"type\":\"button\",\"props\":{\"grid_column_gap\":\"small\",\"grid_row_gap\":\"small\",\"margin\":\"medium\"},\"children\":[{\"type\":\"button_item\",\"props\":{\"button_style\":\"primary\",\"icon_align\":\"left\",\"content\":\"REGISTER NOW\",\"link\":\"en\\\/pre-register\\\/\"}}]}]}]}],\"name\":\"Fiche formation\"},{\"name\":\"FOOTER EN\",\"type\":\"section\",\"props\":{\"style\":\"secondary\",\"width\":\"xlarge\",\"vertical_align\":\"middle\",\"title_position\":\"top-left\",\"title_rotation\":\"left\",\"title_breakpoint\":\"xl\",\"image_position\":\"center-center\",\"padding\":\"small\",\"image\":\"\",\"class\":\"\",\"image_size\":\"cover\",\"css\":\".el-section {background-image: none!important;}\"},\"children\":[{\"name\":\"\",\"type\":\"row\",\"props\":{\"layout\":\"1-3,1-3,1-3\",\"column_gap\":\"large\",\"row_gap\":\"large\",\"divider\":false},\"children\":[{\"name\":\"\",\"type\":\"column\",\"props\":{\"image_position\":\"center-center\",\"media_overlay_gradient\":\"\",\"width_medium\":\"1-3\",\"position_sticky_breakpoint\":\"m\"},\"children\":[{\"type\":\"headline\",\"props\":{\"title_element\":\"h3\",\"title_style\":\"h3\",\"title_decoration\":\"line\",\"maxwidth\":\"medium\",\"content\":\"About us\"}},{\"name\":\"\",\"type\":\"text\",\"props\":{\"margin\":\"\",\"column_breakpoint\":\"m\",\"text_style\":\"lead\",\"maxwidth\":\"medium\",\"content\":\"\n\n<p><strong>Essential oil training for pharmacists, pharmacy technicians, and all healthcare professionals.<\\\/strong><\\\/p>\"}}]},{\"name\":\"\",\"type\":\"column\",\"props\":{\"image_position\":\"center-center\",\"media_overlay_gradient\":\"\",\"width_medium\":\"1-3\",\"position_sticky_breakpoint\":\"m\"},\"children\":[{\"type\":\"headline\",\"props\":{\"title_element\":\"h2\",\"title_style\":\"h3\",\"title_decoration\":\"line\",\"maxwidth\":\"medium\",\"content\":\"Contact us\"}},{\"type\":\"list\",\"props\":{\"show_image\":true,\"show_link\":false,\"image_svg_color\":\"danger\",\"image_align\":\"left\",\"image_vertical_align\":false,\"image_border\":\"circle\",\"icon_color\":\"primary\",\"margin\":\"small\",\"image_svg_inline\":false,\"image_svg_animate\":false,\"class\":\"\",\"css\":\".el-image {\\nbox-sizing: border-box;\\nwidth: 36px;\\nheight: 36px;\\nborder-radius: 100px;\\nbackground: #D75556;\\nvertical-align: middle;\\ndisplay: inline-flex;\\njustify-content: center;\\nalign-items: center;\\n}\",\"list_size\":\"\",\"icon_width\":22,\"list_element\":\"ul\",\"column_breakpoint\":\"m\",\"list_type\":\"vertical\",\"list_horizontal_separator\":\", \"},\"children\":[{\"type\":\"list_item\",\"props\":{\"icon_color\":\"primary\",\"icon\":\"home\",\"content\":\"\n\n<p>Registered office: 23 ter Chemin des Ananas<br \\\/>97425 Les Avirons - Reunion Island<br \\\/>Digital unit: 15 Route de Manom<br \\\/>57100 Thionville<\\\/p>\",\"image\":\"\"}},{\"type\":\"list_item\",\"props\":{\"icon_color\":\"primary\",\"icon\":\"receiver\",\"content\":\"\n\n<p>Phone: +33 (0)659 672 713<br \\\/>Fax: +33 (0)170 445 102<\\\/p>\",\"image\":\"\"}},{\"type\":\"list_item\",\"props\":{\"icon_color\":\"primary\",\"icon\":\"mail\",\"content\":\"\n\n<p>otformations@outlook.fr<\\\/p>\",\"image\":\"\"}}]}]},{\"type\":\"column\",\"props\":{\"image_position\":\"center-center\",\"media_overlay_gradient\":\"\",\"width_medium\":\"1-3\",\"position_sticky_breakpoint\":\"m\"},\"children\":[{\"type\":\"headline\",\"props\":{\"title_element\":\"h3\",\"title_style\":\"h3\",\"title_decoration\":\"line\",\"maxwidth\":\"medium\",\"content\":\"Follow us online\"}},{\"type\":\"social\",\"props\":{\"link_style\":\"button\",\"margin\":\"default\",\"link_target\":true,\"grid_gap\":\"medium\",\"grid\":\"horizontal\"},\"children\":[{\"type\":\"social_item\",\"props\":{\"link\":\"https:\\\/\\\/www.facebook.com\\\/Pesoni\"}},{\"type\":\"social_item\",\"props\":{\"link\":\"https:\\\/\\\/www.instagram.com\\\/otformations\\\/\"}}]}]}]}],\"modified\":\"2021-09-07T16:29:00.092Z\"},{\"type\":\"section\",\"props\":{\"style\":\"default\",\"width\":\"default\",\"vertical_align\":\"middle\",\"title_position\":\"top-left\",\"title_rotation\":\"left\",\"title_breakpoint\":\"xl\",\"image_position\":\"center-center\",\"padding\":\"xsmall\",\"css\":\".el-section {\\n    background-color:#242725;\\n}\"},\"children\":[{\"type\":\"row\",\"children\":[{\"type\":\"column\",\"props\":{\"image_position\":\"center-center\",\"media_overlay_gradient\":\"\",\"width_medium\":\"1-1\",\"position_sticky_breakpoint\":\"m\"},\"children\":[{\"type\":\"subnav\",\"props\":{\"subnav_style\":\"divider\",\"text_align\":\"center\",\"css\":\".el-content, .el-link {\\n    font-size: 10px;\\n}\"},\"children\":[{\"type\":\"subnav_item\",\"props\":{\"content\":\"\\u00a9 Ot Formations 2022\"}},{\"type\":\"subnav_item\",\"props\":{\"content\":\"Legal notice\",\"link\":\"en\\\/legal-notice\\\/\"}},{\"type\":\"subnav_item\",\"props\":{\"content\":\"General terms and conditions of sale\",\"link\":\"en\\\/general-terms-and-conditions-for-ot-formations-and-editions-terres-dessences\\\/\"}}]}]}]}],\"name\":\"FOOTER MENU EN\",\"modified\":\"2021-09-07T16:29:24.637Z\"}],\"version\":\"2.7.15\"} --><\/p>\n<!-- AddThis Advanced Settings generic via filter on the_content --><!-- AddThis Share Buttons generic via filter on the_content -->","protected":false},"excerpt":{"rendered":"<p>Aromatherapy available from pharmacies Part 1: two-day course This is our most in-demand course, our most popular for the past 10 years! This introductory course is aimed at novices to aromatherapy, and enables trainees to give actionable advice about EOs as soon as they return to the pharmacy. It covers all the skills needed to [&hellip;]<!-- AddThis Advanced Settings generic via filter on get_the_excerpt --><!-- AddThis Share Buttons generic via filter on get_the_excerpt --><\/p>\n","protected":false},"author":1,"featured_media":0,"parent":1971,"menu_order":0,"comment_status":"closed","ping_status":"closed","template":"","meta":{"_acf_changed":false,"footnotes":""},"class_list":["post-1932","page","type-page","status-publish","hentry"],"acf":[],"aioseo_notices":[],"jetpack_sharing_enabled":true,"_links":{"self":[{"href":"https:\/\/www.otformations.com\/en\/wp-json\/wp\/v2\/pages\/1932","targetHints":{"allow":["GET"]}}],"collection":[{"href":"https:\/\/www.otformations.com\/en\/wp-json\/wp\/v2\/pages"}],"about":[{"href":"https:\/\/www.otformations.com\/en\/wp-json\/wp\/v2\/types\/page"}],"author":[{"embeddable":true,"href":"https:\/\/www.otformations.com\/en\/wp-json\/wp\/v2\/users\/1"}],"replies":[{"embeddable":true,"href":"https:\/\/www.otformations.com\/en\/wp-json\/wp\/v2\/comments?post=1932"}],"version-history":[{"count":0,"href":"https:\/\/www.otformations.com\/en\/wp-json\/wp\/v2\/pages\/1932\/revisions"}],"up":[{"embeddable":true,"href":"https:\/\/www.otformations.com\/en\/wp-json\/wp\/v2\/pages\/1971"}],"wp:attachment":[{"href":"https:\/\/www.otformations.com\/en\/wp-json\/wp\/v2\/media?parent=1932"}],"curies":[{"name":"wp","href":"https:\/\/api.w.org\/{rel}","templated":true}]}}