{"id":2078,"date":"2019-12-27T16:56:19","date_gmt":"2019-12-27T15:56:19","guid":{"rendered":"https:\/\/www.otformations.com\/presse\/"},"modified":"2023-09-12T19:19:44","modified_gmt":"2023-09-12T17:19:44","slug":"press","status":"publish","type":"page","link":"https:\/\/www.otformations.com\/en\/press\/","title":{"rendered":"Press"},"content":{"rendered":"<h1>Press<\/h1>\n<ul>\n<li>\n<p>        <img decoding=\"async\" src=\"\/wp-content\/uploads\/2020\/02\/2019-03-08-ELLE-08-mars-2019-P1.jpg\" alt=\"\"><\/p>\n<h3>Elle &#8211; Mars 2019<\/h3>\n<div>\n<p>Citation<\/p>\n<\/div>\n<\/li>\n<li>\n<p>        <img decoding=\"async\" src=\"\/wp-content\/uploads\/2020\/02\/2019-03-08-ELLE-08-mars-2019-P2.jpg\" alt=\"\"><\/p>\n<h3>ELLE  &#8211; Mars 2019<\/h3>\n<\/li>\n<li>\n<p>        <img decoding=\"async\" src=\"\/wp-content\/uploads\/2020\/02\/PSYCHOLOGIES-MAGAZINE-Janvier-2019.jpg\" alt=\"\"><\/p>\n<h3>Psychologies magazine : janvier 2019<\/h3>\n<div>\n<p>Citation<\/p>\n<\/div>\n<\/li>\n<li>\n<p>        <img decoding=\"async\" src=\"\/wp-content\/uploads\/2020\/02\/VOICI-Du-31-janvier-au-06-fevrier-2020.jpg\" alt=\"\"><\/p>\n<h3>Voici  &#8211; F\u00e9vrier 2020<\/h3>\n<div>\n<p>Collaboration \u00e0 la r\u00e9daction de l\u2019article<\/p>\n<\/div>\n<\/li>\n<\/ul>\n<div>\n<p>    <img decoding=\"async\" src=\"\/wp-content\/uploads\/2020\/02\/rencontre-pro-sante.jpg\" alt=\"\"><\/p>\n<h3>Journ\u00e9e rencontre Presse Pro sant\u00e9 : mars 2018<\/h3>\n<\/div>\n<h3>About us<\/h3>\n<div>\n<p><strong>Essential oil training for pharmacists, pharmacy technicians, and all healthcare professionals.<\/strong><\/p>\n<\/div>\n<h2>Contact us<\/h2>\n<ul>\n<li>\n<div>\n<p>Registered office: 23 ter Chemin des Ananas<br \/>97425 Les Avirons &#8211; Reunion Island<br \/>Digital unit: 15 Route de Manom<br \/>57100 Thionville<\/p>\n<\/div>\n<\/li>\n<li>\n<div>\n<p>Phone: +33 (0)659 672 713<br \/>Fax: +33 (0)170 445 102<\/p>\n<\/div>\n<\/li>\n<li>\n<div>\n<p>otformations@outlook.fr<\/p>\n<\/div>\n<\/li>\n<\/ul>\n<h3>Follow us online<\/h3>\n<ul>\n<li><a href=\"https:\/\/www.facebook.com\/Pesoni\">facebook<\/a>\n<\/li>\n<li><a href=\"https:\/\/www.instagram.com\/otformations\/\">instagram<\/a>\n<\/li>\n<\/ul>\n<ul>\n<li>\n        <a href=\"\">\u00a9 Ot Formations 2023<\/a>\n    <\/li>\n<li>\n        <a href=\"\/en\/legal-notice\/\">Legal notice<\/a>\n    <\/li>\n<li>\n        <a href=\"\/en\/general-terms-and-conditions-for-ot-formations-and-editions-terres-dessences\/\">General terms and conditions of sale<\/a>\n    <\/li>\n<\/ul>\n<p><!--more--><br \/>\n<!-- {\"type\":\"layout\",\"children\":[{\"type\":\"section\",\"props\":{\"image_position\":\"center-center\",\"style\":\"default\",\"title_breakpoint\":\"xl\",\"title_position\":\"top-left\",\"title_rotation\":\"left\",\"vertical_align\":\"middle\",\"width\":\"xsmall\"},\"children\":[{\"type\":\"row\",\"children\":[{\"type\":\"column\",\"props\":{\"image_position\":\"center-center\",\"position_sticky_breakpoint\":\"m\",\"width_medium\":\"1-1\"},\"children\":[{\"type\":\"headline\",\"props\":{\"content\":\"Press\",\"title_element\":\"h1\"}},{\"type\":\"gallery\",\"props\":{\"filter_align\":\"left\",\"filter_all\":true,\"filter_grid_breakpoint\":\"m\",\"filter_grid_width\":\"auto\",\"filter_position\":\"top\",\"filter_style\":\"tab\",\"grid_default\":\"1\",\"grid_medium\":\"2\",\"item_animation\":true,\"lightbox\":true,\"link_style\":\"default\",\"link_text\":\"Lire\",\"margin\":\"default\",\"meta_align\":\"below-title\",\"meta_element\":\"div\",\"meta_style\":\"text-meta\",\"overlay_hover\":true,\"overlay_mode\":\"cover\",\"overlay_position\":\"center\",\"overlay_style\":\"overlay-primary\",\"overlay_transition\":\"fade\",\"parallax_easing\":\"1\",\"show_content\":true,\"show_hover_image\":true,\"show_link\":true,\"show_meta\":true,\"show_title\":true,\"text_align\":\"center\",\"text_color\":\"light\",\"title_element\":\"h3\",\"title_hover_style\":\"reset\"},\"children\":[{\"type\":\"gallery_item\",\"props\":{\"content\":\"\n\n<p>Citation<\\\/p>\",\"image\":\"wp-content\\\/uploads\\\/2020\\\/02\\\/2019-03-08-ELLE-08-mars-2019-P1.jpg\",\"meta\":\"\",\"title\":\"Elle - Mars 2019\"}},{\"type\":\"gallery_item\",\"props\":{\"image\":\"wp-content\\\/uploads\\\/2020\\\/02\\\/2019-03-08-ELLE-08-mars-2019-P2.jpg\",\"title\":\"ELLE  - Mars 2019\"}},{\"type\":\"gallery_item\",\"props\":{\"content\":\"\n\n<p>Citation<\\\/p>\",\"image\":\"wp-content\\\/uploads\\\/2020\\\/02\\\/PSYCHOLOGIES-MAGAZINE-Janvier-2019.jpg\",\"title\":\"Psychologies magazine : janvier 2019\"}},{\"type\":\"gallery_item\",\"props\":{\"content\":\"\n\n<p>Collaboration \\u00e0 la r\\u00e9daction de l\\u2019article<\\\/p>\",\"image\":\"wp-content\\\/uploads\\\/2020\\\/02\\\/VOICI-Du-31-janvier-au-06-fevrier-2020.jpg\",\"title\":\"Voici  - F\\u00e9vrier 2020\"}}]},{\"type\":\"gallery\",\"props\":{\"filter_align\":\"left\",\"filter_all\":true,\"filter_grid_breakpoint\":\"m\",\"filter_grid_width\":\"auto\",\"filter_position\":\"top\",\"filter_style\":\"tab\",\"grid_default\":\"1\",\"grid_medium\":\"1\",\"item_animation\":true,\"lightbox\":true,\"link_style\":\"default\",\"link_target\":false,\"link_text\":\"Lire\",\"margin\":\"default\",\"meta_align\":\"below-title\",\"meta_element\":\"div\",\"meta_style\":\"text-meta\",\"overlay_hover\":true,\"overlay_mode\":\"cover\",\"overlay_position\":\"center\",\"overlay_style\":\"overlay-primary\",\"overlay_transition\":\"fade\",\"parallax_easing\":\"1\",\"show_content\":true,\"show_hover_image\":true,\"show_link\":true,\"show_meta\":true,\"show_title\":true,\"text_align\":\"center\",\"text_color\":\"light\",\"title_element\":\"h3\",\"title_hover_style\":\"reset\"},\"children\":[{\"type\":\"gallery_item\",\"props\":{\"image\":\"wp-content\\\/uploads\\\/2020\\\/02\\\/rencontre-pro-sante.jpg\",\"title\":\"Journ\\u00e9e rencontre Presse Pro sant\\u00e9 : mars 2018\"}}]}]}]}]},{\"name\":\"FOOTER EN\",\"type\":\"section\",\"props\":{\"css\":\".el-section {background-image: none!important;}\",\"image_position\":\"center-center\",\"image_size\":\"cover\",\"padding\":\"small\",\"style\":\"secondary\",\"title_breakpoint\":\"xl\",\"title_position\":\"top-left\",\"title_rotation\":\"left\",\"vertical_align\":\"middle\",\"width\":\"xlarge\"},\"children\":[{\"type\":\"row\",\"props\":{\"column_gap\":\"large\",\"divider\":false,\"layout\":\"1-3,1-3,1-3\",\"row_gap\":\"large\"},\"children\":[{\"type\":\"column\",\"props\":{\"image_position\":\"center-center\",\"position_sticky_breakpoint\":\"m\",\"width_medium\":\"1-3\"},\"children\":[{\"type\":\"headline\",\"props\":{\"content\":\"About us\",\"maxwidth\":\"medium\",\"title_decoration\":\"line\",\"title_element\":\"h3\",\"title_style\":\"h3\"}},{\"type\":\"text\",\"props\":{\"column_breakpoint\":\"m\",\"content\":\"\n\n<p><strong>Essential oil training for pharmacists, pharmacy technicians, and all healthcare professionals.<\\\/strong><\\\/p>\",\"margin\":\"\",\"maxwidth\":\"medium\",\"text_style\":\"lead\"}}]},{\"type\":\"column\",\"props\":{\"image_position\":\"center-center\",\"position_sticky_breakpoint\":\"m\",\"width_medium\":\"1-3\"},\"children\":[{\"type\":\"headline\",\"props\":{\"content\":\"Contact us\",\"maxwidth\":\"medium\",\"title_decoration\":\"line\",\"title_element\":\"h2\",\"title_style\":\"h3\"}},{\"type\":\"list\",\"props\":{\"column_breakpoint\":\"m\",\"css\":\".el-image {\\nbox-sizing: border-box;\\nwidth: 36px;\\nheight: 36px;\\nborder-radius: 100px;\\nbackground: #D75556;\\nvertical-align: middle;\\ndisplay: inline-flex;\\njustify-content: center;\\nalign-items: center;\\n}\",\"icon_color\":\"primary\",\"icon_width\":22,\"image_align\":\"left\",\"image_border\":\"circle\",\"image_svg_animate\":false,\"image_svg_color\":\"danger\",\"image_svg_inline\":false,\"image_vertical_align\":false,\"list_element\":\"ul\",\"list_horizontal_separator\":\", \",\"list_type\":\"vertical\",\"margin\":\"small\",\"show_image\":true,\"show_link\":false},\"children\":[{\"type\":\"list_item\",\"props\":{\"content\":\"\n\n<p>Registered office: 23 ter Chemin des Ananas<br \\\/>97425 Les Avirons - Reunion Island<br \\\/>Digital unit: 15 Route de Manom<br \\\/>57100 Thionville<\\\/p>\",\"icon\":\"home\",\"icon_color\":\"primary\",\"image\":\"\"}},{\"type\":\"list_item\",\"props\":{\"content\":\"\n\n<p>Phone: +33 (0)659 672 713<br \\\/>Fax: +33 (0)170 445 102<\\\/p>\",\"icon\":\"receiver\",\"icon_color\":\"primary\",\"image\":\"\"}},{\"type\":\"list_item\",\"props\":{\"content\":\"\n\n<p>otformations@outlook.fr<\\\/p>\",\"icon\":\"mail\",\"icon_color\":\"primary\",\"image\":\"\"}}]}]},{\"type\":\"column\",\"props\":{\"image_position\":\"center-center\",\"position_sticky_breakpoint\":\"m\",\"width_medium\":\"1-3\"},\"children\":[{\"type\":\"headline\",\"props\":{\"content\":\"Follow us online\",\"maxwidth\":\"medium\",\"title_decoration\":\"line\",\"title_element\":\"h3\",\"title_style\":\"h3\"}},{\"type\":\"social\",\"props\":{\"grid\":\"horizontal\",\"grid_gap\":\"medium\",\"image_svg_inline\":true,\"link_style\":\"button\",\"link_target\":true,\"margin\":\"default\"},\"children\":[{\"type\":\"social_item\",\"props\":{\"link\":\"https:\\\/\\\/www.facebook.com\\\/Pesoni\"}},{\"type\":\"social_item\",\"props\":{\"link\":\"https:\\\/\\\/www.instagram.com\\\/otformations\\\/\"}}]}]}]}],\"modified\":\"2021-09-07T16:29:00.092Z\"},{\"type\":\"section\",\"props\":{\"css\":\".el-section {\\n    background-color:#242725;\\n}\",\"image_position\":\"center-center\",\"padding\":\"xsmall\",\"style\":\"default\",\"title_breakpoint\":\"xl\",\"title_position\":\"top-left\",\"title_rotation\":\"left\",\"vertical_align\":\"middle\",\"width\":\"default\"},\"children\":[{\"type\":\"row\",\"children\":[{\"type\":\"column\",\"props\":{\"image_position\":\"center-center\",\"position_sticky_breakpoint\":\"m\",\"width_medium\":\"1-1\"},\"children\":[{\"type\":\"subnav\",\"props\":{\"css\":\".el-content, .el-link {\\n    font-size: 10px;\\n}\",\"subnav_style\":\"divider\",\"text_align\":\"center\"},\"children\":[{\"type\":\"subnav_item\",\"props\":{\"content\":\"\\u00a9 Ot Formations 2023\"}},{\"type\":\"subnav_item\",\"props\":{\"content\":\"Legal notice\",\"link\":\"en\\\/legal-notice\\\/\"}},{\"type\":\"subnav_item\",\"props\":{\"content\":\"General terms and conditions of sale\",\"link\":\"en\\\/general-terms-and-conditions-for-ot-formations-and-editions-terres-dessences\\\/\"}}]}]}]}],\"name\":\"FOOTER MENU EN\",\"modified\":\"2021-09-07T16:29:24.637Z\"}],\"version\":\"4.0.11\"} --><\/p>\n<!-- AddThis Advanced Settings generic via filter on the_content --><!-- AddThis Share Buttons generic via filter on the_content -->","protected":false},"excerpt":{"rendered":"<p>Press Elle &#8211; Mars 2019 Citation ELLE &#8211; Mars 2019 Psychologies magazine : janvier 2019 Citation Voici &#8211; F\u00e9vrier 2020 Collaboration \u00e0 la r\u00e9daction de l\u2019article Journ\u00e9e rencontre Presse Pro sant\u00e9 : mars 2018 About us Essential oil training for pharmacists, pharmacy technicians, and all healthcare professionals. Contact us Registered office: 23 ter Chemin des [&hellip;]<!-- AddThis Advanced Settings generic via filter on get_the_excerpt --><!-- AddThis Share Buttons generic via filter on get_the_excerpt --><\/p>\n","protected":false},"author":1,"featured_media":0,"parent":0,"menu_order":0,"comment_status":"closed","ping_status":"closed","template":"","meta":{"_acf_changed":false,"footnotes":""},"class_list":["post-2078","page","type-page","status-publish","hentry"],"acf":[],"aioseo_notices":[],"jetpack_sharing_enabled":true,"_links":{"self":[{"href":"https:\/\/www.otformations.com\/en\/wp-json\/wp\/v2\/pages\/2078","targetHints":{"allow":["GET"]}}],"collection":[{"href":"https:\/\/www.otformations.com\/en\/wp-json\/wp\/v2\/pages"}],"about":[{"href":"https:\/\/www.otformations.com\/en\/wp-json\/wp\/v2\/types\/page"}],"author":[{"embeddable":true,"href":"https:\/\/www.otformations.com\/en\/wp-json\/wp\/v2\/users\/1"}],"replies":[{"embeddable":true,"href":"https:\/\/www.otformations.com\/en\/wp-json\/wp\/v2\/comments?post=2078"}],"version-history":[{"count":1,"href":"https:\/\/www.otformations.com\/en\/wp-json\/wp\/v2\/pages\/2078\/revisions"}],"predecessor-version":[{"id":2641,"href":"https:\/\/www.otformations.com\/en\/wp-json\/wp\/v2\/pages\/2078\/revisions\/2641"}],"wp:attachment":[{"href":"https:\/\/www.otformations.com\/en\/wp-json\/wp\/v2\/media?parent=2078"}],"curies":[{"name":"wp","href":"https:\/\/api.w.org\/{rel}","templated":true}]}}